{"id":8,"date":"2026-04-22T18:21:34","date_gmt":"2026-04-22T18:21:34","guid":{"rendered":"https:\/\/malwinajanik.pl\/?page_id=8"},"modified":"2026-04-22T21:08:24","modified_gmt":"2026-04-22T21:08:24","slug":"strona-glowna","status":"publish","type":"page","link":"https:\/\/malwinajanik.pl\/","title":{"rendered":"Strona G\u0142\u00f3wna"},"content":{"rendered":"\t\t<div data-elementor-type=\"wp-page\" data-elementor-id=\"8\" class=\"elementor elementor-8\">\n\t\t\t\t<div class=\"elementor-element elementor-element-4df55a7 e-flex e-con-boxed e-con e-parent\" data-id=\"4df55a7\" data-element_type=\"container\" data-e-type=\"container\">\n\t\t\t\t\t<div class=\"e-con-inner\">\n\t\t\t\t\t\t\t<h2 \n\t\tdata-interaction-id=\"dccd4b8\" \n\t\tclass=\"e-dccd4b8-95c05b7 e-heading-base\" \n\t\t \n\t\t\n\t>\n\t\n\t\t\tKim jestem, kiedy wracam do swojej mocy?&nbsp;\n\t\t<\/h2>\n\t\t\t\t\t<\/div>\n\t\t\t\t<\/div>\n\t\t<div class=\"elementor-element elementor-element-8735730 e-flex e-con-boxed e-con e-parent\" data-id=\"8735730\" data-element_type=\"container\" data-e-type=\"container\">\n\t\t\t\t\t<div class=\"e-con-inner\">\n\t\t<div class=\"elementor-element elementor-element-65c6f0c e-con-full e-flex e-con e-child\" data-id=\"65c6f0c\" data-element_type=\"container\" data-e-type=\"container\">\n\t\t\t\t\t\t\t\n\t\t<img class=\"e-image-base \" \n\t\t\t\t\tdata-interaction-id=\"27cdc77\" \n\t\t \n\t\t \n\t\t\t\t\t\t\t\t\tid=\"22\"\n\t\t\t\t\t\t\t\t\t\t\t\tsrc=\"https:\/\/malwinajanik.pl\/wp-content\/uploads\/2026\/04\/super_SESJA-38-scaled.jpg\"\n\t\t\t\t\t\t\t\t\t\t\t\twidth=\"2560\"\n\t\t\t\t\t\t\t\t\t\t\t\theight=\"1707\"\n\t\t\t\t\t\t\t\t\t\t\t\tsrcset=\"https:\/\/malwinajanik.pl\/wp-content\/uploads\/2026\/04\/super_SESJA-38-scaled.jpg 2560w, https:\/\/malwinajanik.pl\/wp-content\/uploads\/2026\/04\/super_SESJA-38-300x200.jpg 300w, https:\/\/malwinajanik.pl\/wp-content\/uploads\/2026\/04\/super_SESJA-38-1024x683.jpg 1024w, https:\/\/malwinajanik.pl\/wp-content\/uploads\/2026\/04\/super_SESJA-38-768x512.jpg 768w, https:\/\/malwinajanik.pl\/wp-content\/uploads\/2026\/04\/super_SESJA-38-1536x1024.jpg 1536w, https:\/\/malwinajanik.pl\/wp-content\/uploads\/2026\/04\/super_SESJA-38-2048x1365.jpg 2048w\"\n\t\t\t\t\t\t\t\t\t\t\t\talt=\"\"\n\t\t\t\t\t\t\/>\n\t\t\t\t\t<\/div>\n\t\t\t\t\t\t\t\t<p class=\"e-40054dd-31257af e-paragraph-base\" data-interaction-id=\"40054dd\"  >\n\t\t\t\t\t\t\t\tTworz\u0119 przestrze\u0144, w kt\u00f3rej mo\u017cesz zatrzyma\u0107 si\u0119 i wr\u00f3ci\u0107 do siebie.Wpisz tutaj sw\u00f3j akapit\n\t\t\t\t\t<\/p>\n\t\t\t\t\t<\/div>\n\t\t\t\t<\/div>\n\t\t<div class=\"elementor-element elementor-element-b403c7e e-flex e-con-boxed e-con e-parent\" data-id=\"b403c7e\" data-element_type=\"container\" data-e-type=\"container\">\n\t\t\t\t\t<div class=\"e-con-inner\">\n\t\t\t\t\t    \t            <a\n            href=\"#kontakt\" target=\"_self\"\n            class=\"e-90a6edb-42bb7f5 e-button-base\"\n            data-interaction-id=\"90a6edb\"\n             \n        >\n            Um\u00f3w sesj\u0119\n        <\/a>\n    \t\t\t\t\t<\/div>\n\t\t\t\t<\/div>\n\t\t\t\t<\/div>\n\t\t","protected":false},"excerpt":{"rendered":"<p>Kim jestem, kiedy wracam do swojej mocy?&nbsp; Tworz\u0119 przestrze\u0144, w kt\u00f3rej mo\u017cesz zatrzyma\u0107 si\u0119 i wr\u00f3ci\u0107 do siebie.Wpisz tutaj sw\u00f3j [&hellip;]<\/p>\n","protected":false},"author":1,"featured_media":0,"parent":0,"menu_order":0,"comment_status":"closed","ping_status":"closed","template":"","meta":{"site-sidebar-layout":"no-sidebar","site-content-layout":"","ast-site-content-layout":"full-width-container","site-content-style":"default","site-sidebar-style":"default","ast-global-header-display":"","ast-banner-title-visibility":"","ast-main-header-display":"","ast-hfb-above-header-display":"","ast-hfb-below-header-display":"","ast-hfb-mobile-header-display":"","site-post-title":"","ast-breadcrumbs-content":"","ast-featured-img":"disabled","footer-sml-layout":"","ast-disable-related-posts":"","theme-transparent-header-meta":"","adv-header-id-meta":"","stick-header-meta":"","header-above-stick-meta":"","header-main-stick-meta":"","header-below-stick-meta":"","astra-migrate-meta-layouts":"default","ast-page-background-enabled":"default","ast-page-background-meta":{"desktop":{"background-color":"var(--ast-global-color-5)","background-image":"","background-repeat":"repeat","background-position":"center center","background-size":"auto","background-attachment":"scroll","background-type":"","background-media":"","overlay-type":"","overlay-color":"","overlay-opacity":"","overlay-gradient":""},"tablet":{"background-color":"","background-image":"","background-repeat":"repeat","background-position":"center center","background-size":"auto","background-attachment":"scroll","background-type":"","background-media":"","overlay-type":"","overlay-color":"","overlay-opacity":"","overlay-gradient":""},"mobile":{"background-color":"","background-image":"","background-repeat":"repeat","background-position":"center center","background-size":"auto","background-attachment":"scroll","background-type":"","background-media":"","overlay-type":"","overlay-color":"","overlay-opacity":"","overlay-gradient":""}},"ast-content-background-meta":{"desktop":{"background-color":"var(--ast-global-color-4)","background-image":"","background-repeat":"repeat","background-position":"center center","background-size":"auto","background-attachment":"scroll","background-type":"","background-media":"","overlay-type":"","overlay-color":"","overlay-opacity":"","overlay-gradient":""},"tablet":{"background-color":"var(--ast-global-color-4)","background-image":"","background-repeat":"repeat","background-position":"center center","background-size":"auto","background-attachment":"scroll","background-type":"","background-media":"","overlay-type":"","overlay-color":"","overlay-opacity":"","overlay-gradient":""},"mobile":{"background-color":"var(--ast-global-color-4)","background-image":"","background-repeat":"repeat","background-position":"center center","background-size":"auto","background-attachment":"scroll","background-type":"","background-media":"","overlay-type":"","overlay-color":"","overlay-opacity":"","overlay-gradient":""}},"footnotes":""},"class_list":["post-8","page","type-page","status-publish","hentry"],"_links":{"self":[{"href":"https:\/\/malwinajanik.pl\/index.php?rest_route=\/wp\/v2\/pages\/8","targetHints":{"allow":["GET"]}}],"collection":[{"href":"https:\/\/malwinajanik.pl\/index.php?rest_route=\/wp\/v2\/pages"}],"about":[{"href":"https:\/\/malwinajanik.pl\/index.php?rest_route=\/wp\/v2\/types\/page"}],"author":[{"embeddable":true,"href":"https:\/\/malwinajanik.pl\/index.php?rest_route=\/wp\/v2\/users\/1"}],"replies":[{"embeddable":true,"href":"https:\/\/malwinajanik.pl\/index.php?rest_route=%2Fwp%2Fv2%2Fcomments&post=8"}],"version-history":[{"count":7,"href":"https:\/\/malwinajanik.pl\/index.php?rest_route=\/wp\/v2\/pages\/8\/revisions"}],"predecessor-version":[{"id":28,"href":"https:\/\/malwinajanik.pl\/index.php?rest_route=\/wp\/v2\/pages\/8\/revisions\/28"}],"wp:attachment":[{"href":"https:\/\/malwinajanik.pl\/index.php?rest_route=%2Fwp%2Fv2%2Fmedia&parent=8"}],"curies":[{"name":"wp","href":"https:\/\/api.w.org\/{rel}","templated":true}]}}