{"id":14,"date":"2026-04-22T18:22:42","date_gmt":"2026-04-22T18:22:42","guid":{"rendered":"https:\/\/malwinajanik.pl\/?page_id=14"},"modified":"2026-04-22T22:01:28","modified_gmt":"2026-04-22T22:01:28","slug":"opinie","status":"publish","type":"page","link":"https:\/\/malwinajanik.pl\/?page_id=14","title":{"rendered":"Opinie"},"content":{"rendered":"\t\t<div data-elementor-type=\"wp-page\" data-elementor-id=\"14\" class=\"elementor elementor-14\">\n\t\t\t\t<div class=\"elementor-element elementor-element-4a6d7ee e-flex e-con-boxed e-con e-parent\" data-id=\"4a6d7ee\" data-element_type=\"container\" data-e-type=\"container\">\n\t\t\t\t\t<div class=\"e-con-inner\">\n\t\t\t\t\t\t\t\t<p class=\"e-4021dba-f6415a3 e-paragraph-base\" data-interaction-id=\"4021dba\"  >\n\t\t\t\t\t\t\t\tSprawd\u017a co m\u00f3wi\u0105 osoby, kt\u00f3re zdecydowa\u0142y si\u0119 na t\u0119 drog\u0119:\n\t\t\t\t\t<\/p>\n\t\t\t\t\t<\/div>\n\t\t\t\t<\/div>\n\t\t<div class=\"elementor-element elementor-element-3252b26 e-flex e-con-boxed e-con e-parent\" data-id=\"3252b26\" data-element_type=\"container\" data-e-type=\"container\">\n\t\t\t\t\t<div class=\"e-con-inner\">\n\t\t<div class=\"elementor-element elementor-element-65e27c0 e-con-full e-flex e-con e-child\" data-id=\"65e27c0\" data-element_type=\"container\" data-e-type=\"container\">\n\t\t\t\t\t\t\t\t<p class=\"e-paragraph-base\" data-interaction-id=\"c312fbc\"  >\n\t\t\t\t\t\t\t\tMia\u0142am ogromn\u0105 przyjemno\u015b\u0107 pracy z Malwina w ramach coachingu. Takie prowadzenie u\u0142atwia zrozumienie wielu kwestii w \u017cyciu, wskazuje drog\u0119 i u\u0142atwia podejmowanie trudnych decyzji. Coaching nie jest zwyk\u0142\u0105 prac\u0105 lecz bardziej powo\u0142aniem, poniewa\u017c wymaga to cech, kt\u00f3rych nie mo\u017cna naby\u0107. Malwina jest osob\u0105 o niezwyk\u0142ej empatii. Przez swoj\u0105 umiej\u0119tno\u015b\u0107 \u201enastrojenia\u201c si\u0119 do drugiej osoby stawia pytania, kt\u00f3re budz\u0105 du\u017c\u0105 \u015bwiadomo\u015b\u0107 i dotykaj\u0105. To ogromne zaanga\u017cowanie ze strony Malwiny bardzo mn\u0105 poruszy\u0142o. Ta szczera intencja i ch\u0119\u0107 pomocy, prowadzenia by\u0142a dla mnie osobi\u015bcie przepe\u0142niona energi\u0105 ciep\u0142a, zrozumienia i mi\u0142o\u015bci. Do\u015bwiadczenie, kt\u00f3re mnie definitywnie wzbogaci\u0142o i pokierowa\u0142o w odpowiednim czasie w odpowiednim kierunku.<br><br><strong id=\"e-moalbin2-durld0x\">Anna&nbsp;<\/strong>\n\t\t\t\t\t<\/p>\n\t\t\t\t<\/div>\n\t\t<div class=\"elementor-element elementor-element-09cb5fc e-con-full e-flex e-con e-child\" data-id=\"09cb5fc\" data-element_type=\"container\" data-e-type=\"container\">\n\t\t\t\t\t\t\t\t<p class=\"e-paragraph-base\" data-interaction-id=\"8f4b4a0\"  >\n\t\t\t\t\t\t\t\tMia\u0142am mo\u017cliwo\u015b\u0107 pracowa\u0107 z Malwin\u0105 w ramach sesji coachingu i by\u0142y to bardzo owocne spotkania. Potrzebowa\u0142am wsparcia w ukierunkowaniu \u015bcie\u017cki zawodowej, w oparciu o moje talenty, zalety, a przede wszystkim warto\u015bci. Dzi\u0119ki sesjom zrobi\u0142am to z wi\u0119ksz\u0105 \u015bwiadomo\u015bci\u0105, spokojem i pewno\u015bci\u0105 siebie. Malwina jest uwa\u017cn\u0105, empatyczn\u0105 s\u0142uchaczk\u0105, kt\u00f3ra potrafi zada\u0107 jedno trafne pytanie, otwieraj\u0105ce zupe\u0142nie now\u0105 perspektyw\u0119. Stwarza bezpieczn\u0105 i wspieraj\u0105c\u0105 przestrze\u0144 do refleksji, ale te\u017c potrafi zmotywowa\u0107 do dzia\u0142ania. Z ka\u017cdym spotkaniem widzia\u0142am swoje post\u0119py, czu\u0142am, \u017ce jeste\u015bmy coraz bli\u017cej \u201erozwi\u0105zania\u201d, a ko\u0144cz\u0105c proces, mia\u0142am zbudowan\u0105 wizj\u0119 swojej zawodowej przysz\u0142o\u015bci. Polecam j\u0105 z ca\u0142ego serca ka\u017cdemu, kto stoi przed zawodowym zakr\u0119tem, szuka swojej drogi lub po prostu chce lepiej zrozumie\u0107 siebie i swoje warto\u015bci.<br><br><strong id=\"e-moalbkzw-33uowae\">Ola&nbsp;<\/strong>\n\t\t\t\t\t<\/p>\n\t\t\t\t<\/div>\n\t\t\t\t\t<\/div>\n\t\t\t\t<\/div>\n\t\t<div class=\"elementor-element elementor-element-b2d0da7 e-flex e-con-boxed e-con e-parent\" data-id=\"b2d0da7\" data-element_type=\"container\" data-e-type=\"container\">\n\t\t\t\t\t<div class=\"e-con-inner\">\n\t\t<div class=\"elementor-element elementor-element-a10420a e-con-full e-flex e-con e-child\" data-id=\"a10420a\" data-element_type=\"container\" data-e-type=\"container\">\n\t\t\t\t\t\t\t\t<p class=\"e-paragraph-base\" data-interaction-id=\"ef63034\"  >\n\t\t\t\t\t\t\t\tZ pewno\u015bci\u0105 i z sercem polecam coaching z Malwin\u0105 Janik. Ka\u017cda sesja prowadzona o czasie w spokoju, skupieniu. Czu\u0142am si\u0119 absolutnie wys\u0142uchana co dawa\u0142o mi komfort i bezpiecze\u0144stwo. Dzi\u0119kuj\u0119 Malwinko za wsp\u00f3lny czas i drog\u0119. Wiem, \u017ce du\u017co pracy jeszcze przede mn\u0105, ale najgorzej jest ruszy\u0107, a p\u00f3\u017aniej z g\u00f3rki (i pod g\u00f3rk\u0119 itd),wiem i jestem gotowa. Medytacji na \u0142onie natury nigdy nie zapomn\u0119 i prosz\u0119 o wi\u0119cej.<br><br><strong id=\"e-moalbt0s-b9t5z55\">Iwona&nbsp;<\/strong>\n\t\t\t\t\t<\/p>\n\t\t\t\t<\/div>\n\t\t<div class=\"elementor-element elementor-element-b225b87 e-con-full e-flex e-con e-child\" data-id=\"b225b87\" data-element_type=\"container\" data-e-type=\"container\">\n\t\t\t\t\t\t\t\t<p class=\"e-paragraph-base\" data-interaction-id=\"ff036ff\"  >\n\t\t\t\t\t\t\t\tCudowna, potrafi swoim ciep\u0142em duszy i g\u0142osem Anio\u0142a wprowadzi\u0107 w stan pe\u0142nego odpr\u0119\u017cenia ,polecam!<br><br><strong id=\"e-moalbr8b-12c4jpg\">Wioletta&nbsp;<\/strong>\n\t\t\t\t\t<\/p>\n\t\t\t\t<\/div>\n\t\t\t\t\t<\/div>\n\t\t\t\t<\/div>\n\t\t<div class=\"elementor-element elementor-element-ee764f7 e-flex e-con-boxed e-con e-parent\" data-id=\"ee764f7\" data-element_type=\"container\" data-e-type=\"container\">\n\t\t\t\t\t<div class=\"e-con-inner\">\n\t\t<div class=\"elementor-element elementor-element-8ddbe1d e-con-full e-flex e-con e-child\" data-id=\"8ddbe1d\" data-element_type=\"container\" data-e-type=\"container\">\n\t\t\t\t\t\t\t\t<p class=\"e-paragraph-base\" data-interaction-id=\"4740fae\"  >\n\t\t\t\t\t\t\t\tMalwina zosta\u0142a mi polecona przez moj\u0105 przyjaci\u00f3\u0142k\u0119. Nigdy wcze\u015bniej nie mia\u0142am do czynienia z coachingiem, wi\u0119c nie wiedzia\u0142am czego si\u0119 spodziewa\u0107 i do pierwszego spotkania podesz\u0142am zar\u00f3wno z zaciekawieniem jak i odrobina stresu. Na szcz\u0119\u015bcie niepotrzebne by\u0142y moje obawy, Malwina to ciep\u0142a, serdeczn\u0105 osoba, kt\u00f3ra od pierwszych chwil wzbudzi\u0142a moje zaufanie. Nasze kolejne spotkania pozwoli\u0142y mi uporz\u0105dkowa\u0107 i spriorytetyzowa\u0107 moje warto\u015bci. Dzi\u0119ki Malwinie zauwa\u017cy\u0142am rzeczy, kt\u00f3re nie by\u0142y dla mnie widoczne na pierwszy, ba! nawet na drugi rzut oka. Zadania kt\u00f3re dostawa\u0142am dodatkowo pozwoli\u0142y mi odkry\u0107 siebie, a tak\u017ce zauwa\u017cy\u0107 jak inni mnie postrzegaj\u0105. Bardzo mi\u0142o wspominam prac\u0119 z Malwina i polecam ka\u017cdemu, kto potrzebuje pomocy w uporz\u0105dkowaniu swojej drogi, cel\u00f3w.<br><br><strong id=\"e-moaljx1v-cdlufm0\">Agnieszka<\/strong>&nbsp;\n\t\t\t\t\t<\/p>\n\t\t\t\t<\/div>\n\t\t<div class=\"elementor-element elementor-element-2233e73 e-con-full e-flex e-con e-child\" data-id=\"2233e73\" data-element_type=\"container\" data-e-type=\"container\">\n\t\t\t\t\t\t\t\t<p class=\"e-paragraph-base\" data-interaction-id=\"4d91bb3\"  >\n\t\t\t\t\t\t\t\tJestem bardzo zadowolona ze wsp\u00f3\u0142pracy z Malwin\u0105 i wdzi\u0119czna za t\u0119 mo\u017cliwo\u015b\u0107. Coaching z Malwin\u0105 by\u0142 moim pierwszym do\u015bwiadczeniem z coachingiem w og\u00f3le, ale potrzebowa\u0142am pomocy w popchni\u0119ciu swoich plan\u00f3w do przodu i ciesz\u0119, si\u0119 \u017ce trafi\u0142am na Malwin\u0119, poniewa\u017c du\u017co rzeczy uda\u0142o mi si\u0119 z jej pomoc\u0105 uporz\u0105dkowa\u0107. Spostrze\u017cenia i pytania Malwiny by\u0142y bardzo trafne, a spos\u00f3b prowadzenia spotka\u0144 dobrze do mnie dopasowany. Na mnie dobrze dzia\u0142aj\u0105 \"zadania domowe\", bo to zmusza do pracy, Malwina po zorientowaniu si\u0119, \u017ce tego w\u0142a\u015bnie potrzebuj\u0119, takie zadania mi wyznacza\u0142a. Spotkania oceniam jako warto\u015bciowe i pomocne, a je\u015bli kiedy\u015b jeszcze b\u0119d\u0119 potrzebowa\u0142a pomocy z uporz\u0105dkowaniem priorytet\u00f3w i cel\u00f3w, z pewno\u015bci\u0105 zwr\u00f3c\u0119 si\u0119 do Malwiny \ud83d\ude42<br><br><strong id=\"e-moaljz4z-00ht840\">Anna&nbsp;<\/strong>\n\t\t\t\t\t<\/p>\n\t\t\t\t<\/div>\n\t\t\t\t\t<\/div>\n\t\t\t\t<\/div>\n\t\t<div class=\"elementor-element elementor-element-92e4ed9 e-flex e-con-boxed e-con e-parent\" data-id=\"92e4ed9\" data-element_type=\"container\" data-e-type=\"container\">\n\t\t\t\t\t<div class=\"e-con-inner\">\n\t\t\t\t\t    \t            <a\n            href=\"#kontakt\" target=\"_self\"\n            class=\"e-da3bb53-fc87042 e-button-base\"\n            data-interaction-id=\"da3bb53\"\n             \n        >\n            Um\u00f3w sesj\u0119\n        <\/a>\n    \t\t\t\t\t<\/div>\n\t\t\t\t<\/div>\n\t\t\t\t<\/div>\n\t\t","protected":false},"excerpt":{"rendered":"<p>Sprawd\u017a co m\u00f3wi\u0105 osoby, kt\u00f3re zdecydowa\u0142y si\u0119 na t\u0119 drog\u0119: Mia\u0142am ogromn\u0105 przyjemno\u015b\u0107 pracy z Malwina w ramach coachingu. Takie [&hellip;]<\/p>\n","protected":false},"author":1,"featured_media":0,"parent":0,"menu_order":0,"comment_status":"closed","ping_status":"closed","template":"","meta":{"site-sidebar-layout":"no-sidebar","site-content-layout":"","ast-site-content-layout":"full-width-container","site-content-style":"default","site-sidebar-style":"default","ast-global-header-display":"","ast-banner-title-visibility":"","ast-main-header-display":"","ast-hfb-above-header-display":"","ast-hfb-below-header-display":"","ast-hfb-mobile-header-display":"","site-post-title":"","ast-breadcrumbs-content":"","ast-featured-img":"disabled","footer-sml-layout":"","ast-disable-related-posts":"","theme-transparent-header-meta":"","adv-header-id-meta":"","stick-header-meta":"","header-above-stick-meta":"","header-main-stick-meta":"","header-below-stick-meta":"","astra-migrate-meta-layouts":"default","ast-page-background-enabled":"default","ast-page-background-meta":{"desktop":{"background-color":"var(--ast-global-color-5)","background-image":"","background-repeat":"repeat","background-position":"center center","background-size":"auto","background-attachment":"scroll","background-type":"","background-media":"","overlay-type":"","overlay-color":"","overlay-opacity":"","overlay-gradient":""},"tablet":{"background-color":"","background-image":"","background-repeat":"repeat","background-position":"center center","background-size":"auto","background-attachment":"scroll","background-type":"","background-media":"","overlay-type":"","overlay-color":"","overlay-opacity":"","overlay-gradient":""},"mobile":{"background-color":"","background-image":"","background-repeat":"repeat","background-position":"center center","background-size":"auto","background-attachment":"scroll","background-type":"","background-media":"","overlay-type":"","overlay-color":"","overlay-opacity":"","overlay-gradient":""}},"ast-content-background-meta":{"desktop":{"background-color":"var(--ast-global-color-4)","background-image":"","background-repeat":"repeat","background-position":"center center","background-size":"auto","background-attachment":"scroll","background-type":"","background-media":"","overlay-type":"","overlay-color":"","overlay-opacity":"","overlay-gradient":""},"tablet":{"background-color":"var(--ast-global-color-4)","background-image":"","background-repeat":"repeat","background-position":"center center","background-size":"auto","background-attachment":"scroll","background-type":"","background-media":"","overlay-type":"","overlay-color":"","overlay-opacity":"","overlay-gradient":""},"mobile":{"background-color":"var(--ast-global-color-4)","background-image":"","background-repeat":"repeat","background-position":"center center","background-size":"auto","background-attachment":"scroll","background-type":"","background-media":"","overlay-type":"","overlay-color":"","overlay-opacity":"","overlay-gradient":""}},"footnotes":""},"class_list":["post-14","page","type-page","status-publish","hentry"],"_links":{"self":[{"href":"https:\/\/malwinajanik.pl\/index.php?rest_route=\/wp\/v2\/pages\/14","targetHints":{"allow":["GET"]}}],"collection":[{"href":"https:\/\/malwinajanik.pl\/index.php?rest_route=\/wp\/v2\/pages"}],"about":[{"href":"https:\/\/malwinajanik.pl\/index.php?rest_route=\/wp\/v2\/types\/page"}],"author":[{"embeddable":true,"href":"https:\/\/malwinajanik.pl\/index.php?rest_route=\/wp\/v2\/users\/1"}],"replies":[{"embeddable":true,"href":"https:\/\/malwinajanik.pl\/index.php?rest_route=%2Fwp%2Fv2%2Fcomments&post=14"}],"version-history":[{"count":13,"href":"https:\/\/malwinajanik.pl\/index.php?rest_route=\/wp\/v2\/pages\/14\/revisions"}],"predecessor-version":[{"id":62,"href":"https:\/\/malwinajanik.pl\/index.php?rest_route=\/wp\/v2\/pages\/14\/revisions\/62"}],"wp:attachment":[{"href":"https:\/\/malwinajanik.pl\/index.php?rest_route=%2Fwp%2Fv2%2Fmedia&parent=14"}],"curies":[{"name":"wp","href":"https:\/\/api.w.org\/{rel}","templated":true}]}}