{"id":12,"date":"2026-04-22T18:22:26","date_gmt":"2026-04-22T18:22:26","guid":{"rendered":"https:\/\/malwinajanik.pl\/?page_id=12"},"modified":"2026-04-22T22:28:07","modified_gmt":"2026-04-22T22:28:07","slug":"produkty","status":"publish","type":"page","link":"https:\/\/malwinajanik.pl\/?page_id=12","title":{"rendered":"Oferta"},"content":{"rendered":"\t\t<div data-elementor-type=\"wp-page\" data-elementor-id=\"12\" class=\"elementor elementor-12\">\n\t\t\t\t<div class=\"elementor-element elementor-element-fcdebca e-grid e-con-boxed e-con e-parent\" data-id=\"fcdebca\" data-element_type=\"container\" data-e-type=\"container\">\n\t\t\t\t\t<div class=\"e-con-inner\">\n\t\t\t\t\t\t\t<h2 \n\t\tdata-interaction-id=\"2fdd250\" \n\t\tclass=\"e-2fdd250-b2dd5a0 e-heading-base\" \n\t\t \n\t\t\n\t>\n\t\n\t\t\tSesja indywidualna\n\t\t<\/h2>\n\t\t\t\t\t\t\t\t<p class=\"e-paragraph-base\" data-interaction-id=\"25a027f\"  >\n\t\t\t\t\t\t\t\tTo spotkanie dopasowane do Ciebie i tego, z czym przychodzisz. W trakcie sesji korzystam z rozmowy coachingowej, pracy z oddechem, element\u00f3w medytacji oraz kontaktu z cia\u0142em \u2014 w zale\u017cno\u015bci od tego, czego w danym momencie potrzebujesz. To przestrze\u0144, w kt\u00f3rej mo\u017cesz si\u0119 zatrzyma\u0107, us\u0142ysze\u0107 siebie i wr\u00f3ci\u0107 do wewn\u0119trznej r\u00f3wnowagi.\n\t\t\t\t\t<\/p>\n\t\t\t\t\t    \t            <button class=\"e-1d78e21-92f5cbe e-button-base\" data-interaction-id=\"1d78e21\" id=&amp;#x23;kontakt >\n            Um\u00f3w wizyt\u0119\n        <\/button>\n    \t\t\t\t\t<\/div>\n\t\t\t\t<\/div>\n\t\t<div class=\"elementor-element elementor-element-0b2174d e-grid e-con-boxed e-con e-parent\" data-id=\"0b2174d\" data-element_type=\"container\" data-e-type=\"container\">\n\t\t\t\t\t<div class=\"e-con-inner\">\n\t\t\t\t\t\t\t<h2 \n\t\tdata-interaction-id=\"07db04b\" \n\t\tclass=\"e-07db04b-b8f0238 e-heading-base\" \n\t\t \n\t\t\n\t>\n\t\n\t\t\tMedytacja prowadzona\n\t\t<\/h2>\n\t\t\t\t\t\t\t\t<p class=\"e-paragraph-base\" data-interaction-id=\"d80f624\"  >\n\t\t\t\t\t\t\t\tTo spokojna, prowadzona praktyka, w kt\u00f3rej skupiamy si\u0119 na oddechu, ciele i emocjach. Pomagam Ci wej\u015b\u0107 w stan g\u0142\u0119bokiego wyciszenia i kontaktu ze sob\u0105 \u2014 bez potrzeby analizowania czy \u201erozwi\u0105zywania problem\u00f3w\u201d. To przestrze\u0144 na zatrzymanie, regeneracj\u0119 i bycie.\n\t\t\t\t\t<\/p>\n\t\t\t\t\t    \t            <a\n            href=\"#kontakt\" target=\"_self\"\n            class=\"e-e5ba363-6430a53 e-button-base\"\n            data-interaction-id=\"e5ba363\"\n             \n        >\n            Zapisz si\u0119\n        <\/a>\n    \t\t\t\t\t<\/div>\n\t\t\t\t<\/div>\n\t\t<div class=\"elementor-element elementor-element-3f0c5be e-flex e-con-boxed e-con e-parent\" data-id=\"3f0c5be\" data-element_type=\"container\" data-e-type=\"container\">\n\t\t\t\t\t<div class=\"e-con-inner\">\n\t\t\t\t\t\t\t<h2 \n\t\tdata-interaction-id=\"1671c25\" \n\t\tclass=\"e-1671c25-21227ba e-heading-base\" \n\t\t \n\t\t\n\t>\n\t\n\t\t\tSesje grupowe\n\t\t<\/h2>\n\t\t\t\t\t\t\t\t<p class=\"e-paragraph-base\" data-interaction-id=\"ebb0e61\"  >\n\t\t\t\t\t\t\t\tSpotkania w ma\u0142ej grupie, podczas kt\u00f3rych \u0142\u0105cz\u0119 medytacj\u0119, prac\u0119 z cia\u0142em oraz elementy pracy rozwojowej. To do\u015bwiadczenie, kt\u00f3re pozwala pog\u0142\u0119bi\u0107 kontakt ze sob\u0105, a jednocze\u015bnie poczu\u0107 wsparcie i obecno\u015b\u0107 innych. Ka\u017cde spotkanie ma sw\u00f3j temat, ale najwa\u017cniejsze jest to, co wydarza si\u0119 w Tobie.<br><br>Najbli\u017csza sesja grupowa \"Twoja Moc\" odb\u0119dzie si\u0119 27.05.2026\n\t\t\t\t\t<\/p>\n\t\t\t\t\t    \t            <a\n            href=\"#kontakt\" target=\"_self\"\n            class=\"e-ca165a2-95a303b e-button-base\"\n            data-interaction-id=\"ca165a2\"\n             \n        >\n            Do\u0142\u0105cz\n        <\/a>\n    \t\t\t\t\t<\/div>\n\t\t\t\t<\/div>\n\t\t\t\t<\/div>\n\t\t","protected":false},"excerpt":{"rendered":"<p>Sesja indywidualna To spotkanie dopasowane do Ciebie i tego, z czym przychodzisz. W trakcie sesji korzystam z rozmowy coachingowej, pracy [&hellip;]<\/p>\n","protected":false},"author":1,"featured_media":0,"parent":0,"menu_order":0,"comment_status":"closed","ping_status":"closed","template":"","meta":{"site-sidebar-layout":"no-sidebar","site-content-layout":"","ast-site-content-layout":"full-width-container","site-content-style":"default","site-sidebar-style":"default","ast-global-header-display":"","ast-banner-title-visibility":"","ast-main-header-display":"","ast-hfb-above-header-display":"","ast-hfb-below-header-display":"","ast-hfb-mobile-header-display":"","site-post-title":"","ast-breadcrumbs-content":"","ast-featured-img":"disabled","footer-sml-layout":"","ast-disable-related-posts":"","theme-transparent-header-meta":"","adv-header-id-meta":"","stick-header-meta":"","header-above-stick-meta":"","header-main-stick-meta":"","header-below-stick-meta":"","astra-migrate-meta-layouts":"default","ast-page-background-enabled":"default","ast-page-background-meta":{"desktop":{"background-color":"var(--ast-global-color-5)","background-image":"","background-repeat":"repeat","background-position":"center center","background-size":"auto","background-attachment":"scroll","background-type":"","background-media":"","overlay-type":"","overlay-color":"","overlay-opacity":"","overlay-gradient":""},"tablet":{"background-color":"","background-image":"","background-repeat":"repeat","background-position":"center center","background-size":"auto","background-attachment":"scroll","background-type":"","background-media":"","overlay-type":"","overlay-color":"","overlay-opacity":"","overlay-gradient":""},"mobile":{"background-color":"","background-image":"","background-repeat":"repeat","background-position":"center center","background-size":"auto","background-attachment":"scroll","background-type":"","background-media":"","overlay-type":"","overlay-color":"","overlay-opacity":"","overlay-gradient":""}},"ast-content-background-meta":{"desktop":{"background-color":"var(--ast-global-color-4)","background-image":"","background-repeat":"repeat","background-position":"center center","background-size":"auto","background-attachment":"scroll","background-type":"","background-media":"","overlay-type":"","overlay-color":"","overlay-opacity":"","overlay-gradient":""},"tablet":{"background-color":"var(--ast-global-color-4)","background-image":"","background-repeat":"repeat","background-position":"center center","background-size":"auto","background-attachment":"scroll","background-type":"","background-media":"","overlay-type":"","overlay-color":"","overlay-opacity":"","overlay-gradient":""},"mobile":{"background-color":"var(--ast-global-color-4)","background-image":"","background-repeat":"repeat","background-position":"center center","background-size":"auto","background-attachment":"scroll","background-type":"","background-media":"","overlay-type":"","overlay-color":"","overlay-opacity":"","overlay-gradient":""}},"footnotes":""},"class_list":["post-12","page","type-page","status-publish","hentry"],"_links":{"self":[{"href":"https:\/\/malwinajanik.pl\/index.php?rest_route=\/wp\/v2\/pages\/12","targetHints":{"allow":["GET"]}}],"collection":[{"href":"https:\/\/malwinajanik.pl\/index.php?rest_route=\/wp\/v2\/pages"}],"about":[{"href":"https:\/\/malwinajanik.pl\/index.php?rest_route=\/wp\/v2\/types\/page"}],"author":[{"embeddable":true,"href":"https:\/\/malwinajanik.pl\/index.php?rest_route=\/wp\/v2\/users\/1"}],"replies":[{"embeddable":true,"href":"https:\/\/malwinajanik.pl\/index.php?rest_route=%2Fwp%2Fv2%2Fcomments&post=12"}],"version-history":[{"count":17,"href":"https:\/\/malwinajanik.pl\/index.php?rest_route=\/wp\/v2\/pages\/12\/revisions"}],"predecessor-version":[{"id":79,"href":"https:\/\/malwinajanik.pl\/index.php?rest_route=\/wp\/v2\/pages\/12\/revisions\/79"}],"wp:attachment":[{"href":"https:\/\/malwinajanik.pl\/index.php?rest_route=%2Fwp%2Fv2%2Fmedia&parent=12"}],"curies":[{"name":"wp","href":"https:\/\/api.w.org\/{rel}","templated":true}]}}