{"id":10,"date":"2026-04-22T18:22:03","date_gmt":"2026-04-22T18:22:03","guid":{"rendered":"https:\/\/malwinajanik.pl\/?page_id=10"},"modified":"2026-04-22T21:34:20","modified_gmt":"2026-04-22T21:34:20","slug":"o-mnie","status":"publish","type":"page","link":"https:\/\/malwinajanik.pl\/?page_id=10","title":{"rendered":"O mnie"},"content":{"rendered":"\t\t<div data-elementor-type=\"wp-page\" data-elementor-id=\"10\" class=\"elementor elementor-10\">\n\t\t\t\t<div class=\"elementor-element elementor-element-46e8217 e-grid e-con-boxed e-con e-parent\" data-id=\"46e8217\" data-element_type=\"container\" data-e-type=\"container\">\n\t\t\t\t\t<div class=\"e-con-inner\">\n\t\t\t\t\t\t\t<h2 \n\t\tdata-interaction-id=\"3b56361\" \n\t\tclass=\"e-3b56361-b76c06a e-heading-base\" \n\t\t \n\t\t\n\t>\n\t\n\t\t\tO mnie\n\t\t<\/h2>\n\t\t\t\t\t\t\t\t<p class=\"e-a0e2a62-c7fbc76 e-paragraph-base\" data-interaction-id=\"a0e2a62\"  >\n\t\t\t\t\t\t\t\tNazywam si\u0119&nbsp;Malwina i tworz\u0119 przestrze\u0144, w kt\u00f3rej mo\u017cesz zatrzyma\u0107 si\u0119, wr\u00f3ci\u0107 do siebie i us\u0142ysze\u0107 to, co naprawd\u0119 wa\u017cne.\n\t\t\t\t\t<\/p>\n\t\t\t\t\t<\/div>\n\t\t\t\t<\/div>\n\t\t<div class=\"elementor-element elementor-element-d8ed91f e-grid e-con-boxed e-con e-parent\" data-id=\"d8ed91f\" data-element_type=\"container\" data-e-type=\"container\">\n\t\t\t\t\t<div class=\"e-con-inner\">\n\t\t\t\t<div class=\"elementor-element elementor-element-b8a7623 elementor-widget elementor-widget-image\" data-id=\"b8a7623\" data-element_type=\"widget\" data-e-type=\"widget\" data-widget_type=\"image.default\">\n\t\t\t\t\t\t\t\t\t\t\t\t\t\t\t<img fetchpriority=\"high\" decoding=\"async\" width=\"683\" height=\"1024\" src=\"https:\/\/malwinajanik.pl\/wp-content\/uploads\/2026\/04\/sesja_biznesowa-2-683x1024.jpg\" class=\"attachment-large size-large wp-image-21\" alt=\"\" srcset=\"https:\/\/malwinajanik.pl\/wp-content\/uploads\/2026\/04\/sesja_biznesowa-2-683x1024.jpg 683w, https:\/\/malwinajanik.pl\/wp-content\/uploads\/2026\/04\/sesja_biznesowa-2-200x300.jpg 200w, https:\/\/malwinajanik.pl\/wp-content\/uploads\/2026\/04\/sesja_biznesowa-2-768x1152.jpg 768w, https:\/\/malwinajanik.pl\/wp-content\/uploads\/2026\/04\/sesja_biznesowa-2-1024x1536.jpg 1024w, https:\/\/malwinajanik.pl\/wp-content\/uploads\/2026\/04\/sesja_biznesowa-2-1365x2048.jpg 1365w, https:\/\/malwinajanik.pl\/wp-content\/uploads\/2026\/04\/sesja_biznesowa-2-scaled.jpg 1707w\" sizes=\"(max-width: 683px) 100vw, 683px\" \/>\t\t\t\t\t\t\t\t\t\t\t\t\t\t\t<\/div>\n\t\t\t\t\t\t\t\t<p class=\"e-paragraph-base\" data-interaction-id=\"bc50b1b\"  >\n\t\t\t\t\t\t\t\t<br><br><br><br><br>Wierz\u0119, \u017ce masz w sobie wszystko, czego potrzebujesz, czasem tylko trudno to us\u0142ysze\u0107 w codziennym p\u0119dzie.<br><br>Tworz\u0119 bezpieczn\u0105 przestrze\u0144, w kt\u00f3rej mo\u017cesz na chwil\u0119 zwolni\u0107, odetchn\u0105\u0107 i zobaczy\u0107 siebie z innej perspektywy.<br>Bez ocen, bez presji, bez gotowych rozwi\u0105za\u0144.<br><br>Towarzysz\u0119 osobom, kt\u00f3re czuj\u0105, \u017ce s\u0105 zm\u0119czone, przyt\u0142oczone albo zagubione i chc\u0105 wr\u00f3ci\u0107 do spokoju, do sensu i do swojej wewn\u0119trznej mocy.\n\t\t\t\t\t<\/p>\n\t\t\t\t\t<\/div>\n\t\t\t\t<\/div>\n\t\t<div class=\"elementor-element elementor-element-1b3a08a e-grid e-con-boxed e-con e-parent\" data-id=\"1b3a08a\" data-element_type=\"container\" data-e-type=\"container\">\n\t\t\t\t\t<div class=\"e-con-inner\">\n\t\t\t\t\t\t\t<h2 \n\t\tdata-interaction-id=\"b3f4eee\" \n\t\tclass=\"e-b3f4eee-c8c767f e-heading-base\" \n\t\t \n\t\t\n\t>\n\t\n\t\t\tJak pracuj\u0119\n\t\t<\/h2>\n\t\t\t\t\t\t\t\t<p class=\"e-33904cf-7b4262e e-paragraph-base\" data-interaction-id=\"33904cf\"  >\n\t\t\t\t\t\t\t\tPracuj\u0119 w oparciu o uwa\u017cno\u015b\u0107 i kontakt ze sob\u0105, nie z tym, co \u201epowinno by\u0107\u201d, ale z tym, co naprawd\u0119 jest.<br>Nie daj\u0119 gotowych odpowiedzi, pomagam Ci je odnale\u017a\u0107 w sobie.<br>Tworz\u0119 przestrze\u0144, w kt\u00f3rej mo\u017cesz by\u0107 sob\u0105.\n\t\t\t\t\t<\/p>\n\t\t\t\t\t<\/div>\n\t\t\t\t<\/div>\n\t\t<div class=\"elementor-element elementor-element-a2631f3 e-grid e-con-boxed e-con e-parent\" data-id=\"a2631f3\" data-element_type=\"container\" data-e-type=\"container\">\n\t\t\t\t\t<div class=\"e-con-inner\">\n\t\t\t\t\t\t\t<h2 \n\t\tdata-interaction-id=\"a831a67\" \n\t\tclass=\"e-a831a67-13b6780 e-heading-base\" \n\t\t \n\t\t\n\t>\n\t\n\t\t\tTo przestrze\u0144 dla os\u00f3b, kt\u00f3re:\n\t\t<\/h2>\n\t\t\t\t\t\t\t\t<p class=\"e-e99fa33-bfd271e e-paragraph-base\" data-interaction-id=\"e99fa33\"  >\n\t\t\t\t\t\t\t\ts\u0105 zm\u0119czone ci\u0105g\u0142ym dzia\u0142aniem <br>czuj\u0105, \u017ce co\u015b jest \u201enie tak\u201d, <br>ale nie wiedz\u0105 co chc\u0105 wr\u00f3ci\u0107 do siebie, ale nie wiedz\u0105 jak\u201d\n\t\t\t\t\t<\/p>\n\t\t\t\t\t<\/div>\n\t\t\t\t<\/div>\n\t\t<div class=\"elementor-element elementor-element-7f1ef24 e-flex e-con-boxed e-con e-parent\" data-id=\"7f1ef24\" data-element_type=\"container\" data-e-type=\"container\">\n\t\t\t\t\t<div class=\"e-con-inner\">\n\t\t\t\t\t\t\t<h2 \n\t\tdata-interaction-id=\"c865007\" \n\t\tclass=\"e-c865007-d5516be e-heading-base\" \n\t\t \n\t\t\n\t>\n\t\n\t\t\tJe\u015bli czujesz, \u017ce to dla Ciebi\u0119\n\t\t<\/h2>\n\t\t\t\t\t<\/div>\n\t\t\t\t<\/div>\n\t\t<div class=\"elementor-element elementor-element-a2d05b8 e-flex e-con-boxed e-con e-parent\" data-id=\"a2d05b8\" data-element_type=\"container\" data-e-type=\"container\">\n\t\t\t\t\t<div class=\"e-con-inner\">\n\t\t\t\t\t    \t            <a\n            href=\"#kontakt\" target=\"_self\"\n            class=\"e-5c26393-9af495a e-button-base\"\n            data-interaction-id=\"5c26393\"\n             \n        >\n            Um\u00f3w sesj\u0119\n        <\/a>\n    \t\t\t\t\t<\/div>\n\t\t\t\t<\/div>\n\t\t<div class=\"elementor-element elementor-element-d6141d9 e-grid e-con-boxed e-con e-parent\" data-id=\"d6141d9\" data-element_type=\"container\" data-e-type=\"container\">\n\t\t\t\t\t<div class=\"e-con-inner\">\n\t\t\t\t\t<\/div>\n\t\t\t\t<\/div>\n\t\t\t\t<\/div>\n\t\t","protected":false},"excerpt":{"rendered":"<p>O mnie Nazywam si\u0119&nbsp;Malwina i tworz\u0119 przestrze\u0144, w kt\u00f3rej mo\u017cesz zatrzyma\u0107 si\u0119, wr\u00f3ci\u0107 do siebie i us\u0142ysze\u0107 to, co naprawd\u0119 [&hellip;]<\/p>\n","protected":false},"author":1,"featured_media":0,"parent":0,"menu_order":0,"comment_status":"closed","ping_status":"closed","template":"","meta":{"site-sidebar-layout":"no-sidebar","site-content-layout":"","ast-site-content-layout":"full-width-container","site-content-style":"default","site-sidebar-style":"default","ast-global-header-display":"","ast-banner-title-visibility":"","ast-main-header-display":"","ast-hfb-above-header-display":"","ast-hfb-below-header-display":"","ast-hfb-mobile-header-display":"","site-post-title":"","ast-breadcrumbs-content":"","ast-featured-img":"disabled","footer-sml-layout":"","ast-disable-related-posts":"","theme-transparent-header-meta":"","adv-header-id-meta":"","stick-header-meta":"","header-above-stick-meta":"","header-main-stick-meta":"","header-below-stick-meta":"","astra-migrate-meta-layouts":"default","ast-page-background-enabled":"default","ast-page-background-meta":{"desktop":{"background-color":"var(--ast-global-color-5)","background-image":"","background-repeat":"repeat","background-position":"center center","background-size":"auto","background-attachment":"scroll","background-type":"","background-media":"","overlay-type":"","overlay-color":"","overlay-opacity":"","overlay-gradient":""},"tablet":{"background-color":"","background-image":"","background-repeat":"repeat","background-position":"center center","background-size":"auto","background-attachment":"scroll","background-type":"","background-media":"","overlay-type":"","overlay-color":"","overlay-opacity":"","overlay-gradient":""},"mobile":{"background-color":"","background-image":"","background-repeat":"repeat","background-position":"center center","background-size":"auto","background-attachment":"scroll","background-type":"","background-media":"","overlay-type":"","overlay-color":"","overlay-opacity":"","overlay-gradient":""}},"ast-content-background-meta":{"desktop":{"background-color":"var(--ast-global-color-4)","background-image":"","background-repeat":"repeat","background-position":"center center","background-size":"auto","background-attachment":"scroll","background-type":"","background-media":"","overlay-type":"","overlay-color":"","overlay-opacity":"","overlay-gradient":""},"tablet":{"background-color":"var(--ast-global-color-4)","background-image":"","background-repeat":"repeat","background-position":"center center","background-size":"auto","background-attachment":"scroll","background-type":"","background-media":"","overlay-type":"","overlay-color":"","overlay-opacity":"","overlay-gradient":""},"mobile":{"background-color":"var(--ast-global-color-4)","background-image":"","background-repeat":"repeat","background-position":"center center","background-size":"auto","background-attachment":"scroll","background-type":"","background-media":"","overlay-type":"","overlay-color":"","overlay-opacity":"","overlay-gradient":""}},"footnotes":""},"class_list":["post-10","page","type-page","status-publish","hentry"],"_links":{"self":[{"href":"https:\/\/malwinajanik.pl\/index.php?rest_route=\/wp\/v2\/pages\/10","targetHints":{"allow":["GET"]}}],"collection":[{"href":"https:\/\/malwinajanik.pl\/index.php?rest_route=\/wp\/v2\/pages"}],"about":[{"href":"https:\/\/malwinajanik.pl\/index.php?rest_route=\/wp\/v2\/types\/page"}],"author":[{"embeddable":true,"href":"https:\/\/malwinajanik.pl\/index.php?rest_route=\/wp\/v2\/users\/1"}],"replies":[{"embeddable":true,"href":"https:\/\/malwinajanik.pl\/index.php?rest_route=%2Fwp%2Fv2%2Fcomments&post=10"}],"version-history":[{"count":19,"href":"https:\/\/malwinajanik.pl\/index.php?rest_route=\/wp\/v2\/pages\/10\/revisions"}],"predecessor-version":[{"id":48,"href":"https:\/\/malwinajanik.pl\/index.php?rest_route=\/wp\/v2\/pages\/10\/revisions\/48"}],"wp:attachment":[{"href":"https:\/\/malwinajanik.pl\/index.php?rest_route=%2Fwp%2Fv2%2Fmedia&parent=10"}],"curies":[{"name":"wp","href":"https:\/\/api.w.org\/{rel}","templated":true}]}}